{"id":94,"date":"2023-11-14T17:21:46","date_gmt":"2023-11-14T17:21:46","guid":{"rendered":"https:\/\/greenspongebuildings.hiof.no\/?page_id=94"},"modified":"2024-01-09T10:27:53","modified_gmt":"2024-01-09T10:27:53","slug":"partners","status":"publish","type":"page","link":"https:\/\/greenspongebuildings.eu\/sv\/partners\/","title":{"rendered":"Partners"},"content":{"rendered":"\n<section class=\"pn-max-w flex flex-col justify-center relative min-h-[27rem]\">\n    <div class=\"h-full fade-in-element w-full absolute z-20 right-0 left-0 bottom-0 top-0 bg-black bg-opacity-30\"><\/div>\n\n        <img fetchpriority=\"high\" decoding=\"async\" class=\"  w-full object-center min-h-[27rem] max-h-[27rem] object-cover\" src=\"https:\/\/greenspongebuildings.eu\/wp-content\/uploads\/2024\/01\/closeup-friendly-meeting-handshake-business-woman-businessman-with-sunlight-scaled.jpg\" loading=\"eager\" width=\"2560\" height=\"1707\" alt=\"Image\" \/>\n    <div class=\"absolute z-30 right-0 left-0 mx-auto container lg:max-w-4xl xl:px-10\">\n        <h1 class=\"text-center text-white fade-in-element text-4xl lg:text-5xl font-black\">Partners<\/h1>\n    <\/div>\n<\/section>\n\n\n\n<section class=\"partners-block bg-[#F0FFEE]\">\n\n                        <div class=\"odd:bg-[#C5F1D6] even:bg-[#F0FFEE] py-20 \">\n                <div class=\"lg:max-w-6xl mx-auto space-y-8 text-center lg:text-left lg:space-y-0 grid lg:grid-cols-2 px-5 gap-5 items-center\">\n                                            <div>\n                                <img decoding=\"async\" class=\" fade-in-element max-h-[6rem] mx-auto lg:mx-0 max-w-[15rem] object-contain\" src=\"https:\/\/greenspongebuildings.eu\/wp-content\/uploads\/2025\/02\/images-1-300x63.png\" loading=\"lazy\" width=\"300\" height=\"63\" alt=\"Image\" \/>                        <\/div>\n                                        <div class=\"lg:max-w-lg\">\n                                                    <div class=\"text-2xl\"><strong>Ramb\u00f8ll<\/strong><\/div>\n                                                                            <p>Ramb\u00f8ll is a global engineering, architecture, and consultancy company that operates across clients&#8217; value chains, leveraging expertise, innovation, and creativity to address the risks and opportunities associated with sustainable transformation. <\/p>\n                        \n                        <div class=\"mt-10\">\n                            \n<a target=\"_self\" href=\"https:\/\/greenspongebuildings.eu\/sv\/partner\/ramboll\/\" class=\"text-[#00695C] bg-white btn whitespace-nowrap text-xs lg:text-base\">Read more<\/a>\n                        <\/div>\n                    <\/div>\n                <\/div>\n            <\/div>\n                    <div class=\"odd:bg-[#C5F1D6] even:bg-[#F0FFEE] py-20 \">\n                <div class=\"lg:max-w-6xl mx-auto space-y-8 text-center lg:text-left lg:space-y-0 grid lg:grid-cols-2 px-5 gap-5 items-center\">\n                                            <div>\n                                <img decoding=\"async\" class=\" fade-in-element max-h-[6rem] mx-auto lg:mx-0 max-w-[15rem] object-contain\" src=\"https:\/\/greenspongebuildings.eu\/wp-content\/uploads\/2023\/11\/Hogskolan-i-Ostfold_emblem_liggande-300x51.png\" loading=\"lazy\" width=\"300\" height=\"51\" alt=\"Image\" \/>                        <\/div>\n                                        <div class=\"lg:max-w-lg\">\n                                                    <div class=\"text-2xl\"><strong>H\u00f8gskolen i \u00d8stfold (HI\u00d8)<\/strong><\/div>\n                                                                            <p>H\u00f8gskolen i \u00d8stfold (HI\u00d8) (in English; \u00d8stfold University College) is a public research and educational institution in Norway with over 7,800 students and 620 employees.<br \/><\/br><\/p>\n                        \n                        <div class=\"mt-10\">\n                            \n<a target=\"_self\" href=\"https:\/\/greenspongebuildings.eu\/sv\/partner\/hogskolen-i-ostfold\/\" class=\"text-[#00695C] bg-white btn whitespace-nowrap text-xs lg:text-base\">Read more<\/a>\n                        <\/div>\n                    <\/div>\n                <\/div>\n            <\/div>\n                    <div class=\"odd:bg-[#C5F1D6] even:bg-[#F0FFEE] py-20 \">\n                <div class=\"lg:max-w-6xl mx-auto space-y-8 text-center lg:text-left lg:space-y-0 grid lg:grid-cols-2 px-5 gap-5 items-center\">\n                                            <div>\n                                <img decoding=\"async\" class=\" fade-in-element max-h-[6rem] mx-auto lg:mx-0 max-w-[15rem] object-contain\" src=\"https:\/\/greenspongebuildings.eu\/wp-content\/uploads\/2024\/01\/Henning_Larsen_Logo-removebg-preview-300x96.png\" loading=\"lazy\" width=\"300\" height=\"96\" alt=\"Image\" \/>                        <\/div>\n                                        <div class=\"lg:max-w-lg\">\n                                                    <div class=\"text-2xl\"><strong>Henning Larsen<\/strong><\/div>\n                                                                            <p>Henning Larsen is an international company that creates architecture with curiosity and artistic nerve, which rests on a foundation of care and knowledge. their projects are generous and allow people to experience the unexpected. their goal is to create living, sustainable buildings that will be of lasting value to the users, the society and the culture in which they are built.<\/p>\n                        \n                        <div class=\"mt-10\">\n                            \n<a target=\"_self\" href=\"https:\/\/greenspongebuildings.eu\/sv\/partner\/henning-larsen\/\" class=\"text-[#00695C] bg-white btn whitespace-nowrap text-xs lg:text-base\">Read more<\/a>\n                        <\/div>\n                    <\/div>\n                <\/div>\n            <\/div>\n                    <div class=\"odd:bg-[#C5F1D6] even:bg-[#F0FFEE] py-20 \">\n                <div class=\"lg:max-w-6xl mx-auto space-y-8 text-center lg:text-left lg:space-y-0 grid lg:grid-cols-2 px-5 gap-5 items-center\">\n                                            <div>\n                                <img decoding=\"async\" class=\" fade-in-element max-h-[6rem] mx-auto lg:mx-0 max-w-[15rem] object-contain\" src=\"https:\/\/greenspongebuildings.eu\/wp-content\/uploads\/2024\/01\/600px-Sveriges_Lantbruksuniversitet_Logo.svg_-300x300.png\" loading=\"lazy\" width=\"300\" height=\"300\" alt=\"Image\" \/>                        <\/div>\n                                        <div class=\"lg:max-w-lg\">\n                                                    <div class=\"text-2xl\"><strong>Sveriges lantbruksuniversitet (SLU)<\/strong><\/div>\n                                                                            <p>Sveriges lantbruksuniversitet (SLU) (in English; Swedish University of Agriculture) is a Swedish state university with responsibility for arable industries and has operations in around thirty locations in the country. Unlike most state universities and colleges in Sweden, which fall under the Ministry of Education, SLU falls under the Ministry of Rural Affairs and Infrastructure.<\/p>\n                        \n                        <div class=\"mt-10\">\n                            \n<a target=\"_self\" href=\"https:\/\/greenspongebuildings.eu\/sv\/partner\/slu\/\" class=\"text-[#00695C] bg-white btn whitespace-nowrap text-xs lg:text-base\">Read more<\/a>\n                        <\/div>\n                    <\/div>\n                <\/div>\n            <\/div>\n                    <div class=\"odd:bg-[#C5F1D6] even:bg-[#F0FFEE] py-20 \">\n                <div class=\"lg:max-w-6xl mx-auto space-y-8 text-center lg:text-left lg:space-y-0 grid lg:grid-cols-2 px-5 gap-5 items-center\">\n                                            <div>\n                                <img decoding=\"async\" class=\" fade-in-element max-h-[6rem] mx-auto lg:mx-0 max-w-[15rem] object-contain\" src=\"https:\/\/greenspongebuildings.eu\/wp-content\/uploads\/2024\/01\/VIA_UC_logo-removebg-preview-300x76.png\" loading=\"lazy\" width=\"300\" height=\"76\" alt=\"Image\" \/>                        <\/div>\n                                        <div class=\"lg:max-w-lg\">\n                                                    <div class=\"text-2xl\"><strong>VIA University College (VIA)<\/strong><\/div>\n                                                                            <p>VIA University College (VIA) is a publicly funded research, education and knowledge institution in Denmark that has approx. 18,800 students and 2,000 employees within the educational and social work, health care and technical-commercial areas.<\/p>\n                        \n                        <div class=\"mt-10\">\n                            \n<a target=\"_self\" href=\"https:\/\/greenspongebuildings.eu\/sv\/partner\/via\/\" class=\"text-[#00695C] bg-white btn whitespace-nowrap text-xs lg:text-base\">Read more<\/a>\n                        <\/div>\n                    <\/div>\n                <\/div>\n            <\/div>\n                    <div class=\"odd:bg-[#C5F1D6] even:bg-[#F0FFEE] py-20 \">\n                <div class=\"lg:max-w-6xl mx-auto space-y-8 text-center lg:text-left lg:space-y-0 grid lg:grid-cols-2 px-5 gap-5 items-center\">\n                                            <div>\n                                <img decoding=\"async\" class=\" fade-in-element max-h-[6rem] mx-auto lg:mx-0 max-w-[15rem] object-contain\" src=\"https:\/\/greenspongebuildings.eu\/wp-content\/uploads\/2023\/11\/norges-vassdrags-og-energidirektoratet-300x300.png\" loading=\"lazy\" width=\"300\" height=\"300\" alt=\"Image\" \/>                        <\/div>\n                                        <div class=\"lg:max-w-lg\">\n                                                    <div class=\"text-2xl\"><strong>Norges vassdrags- og energidirektorat (NVE)<\/strong><\/div>\n                                                                            <p>Norges vassdrags- og energidirektorat (NVE) (in English; the Norwegian Water and Energy Directorate) is a directorate under the Ministry of Petroleum and Energy and is responsible for the management of Norway&#8217;s water and energy resources.<\/p>\n                        \n                        <div class=\"mt-10\">\n                            \n<a target=\"_self\" href=\"https:\/\/greenspongebuildings.eu\/sv\/partner\/nve\/\" class=\"text-[#00695C] bg-white btn whitespace-nowrap text-xs lg:text-base\">Read more<\/a>\n                        <\/div>\n                    <\/div>\n                <\/div>\n            <\/div>\n                    <div class=\"odd:bg-[#C5F1D6] even:bg-[#F0FFEE] py-20 \">\n                <div class=\"lg:max-w-6xl mx-auto space-y-8 text-center lg:text-left lg:space-y-0 grid lg:grid-cols-2 px-5 gap-5 items-center\">\n                                            <div>\n                                <img decoding=\"async\" class=\" fade-in-element max-h-[6rem] mx-auto lg:mx-0 max-w-[15rem] object-contain\" src=\"https:\/\/greenspongebuildings.eu\/wp-content\/uploads\/2023\/11\/ivl-removebg-preview.png\" loading=\"lazy\" width=\"264\" height=\"196\" alt=\"Image\" \/>                        <\/div>\n                                        <div class=\"lg:max-w-lg\">\n                                                    <div class=\"text-2xl\"><strong>IVL<\/strong><\/div>\n                                                                            <p>IVL Swedish Environmental Research Institute is an independent research institute that conducts research and consultancy assignments on environmental and sustainability issues.<\/p>\n                        \n                        <div class=\"mt-10\">\n                            \n<a target=\"_self\" href=\"https:\/\/greenspongebuildings.eu\/sv\/partner\/green-roof-institute-2\/\" class=\"text-[#00695C] bg-white btn whitespace-nowrap text-xs lg:text-base\">Read more<\/a>\n                        <\/div>\n                    <\/div>\n                <\/div>\n            <\/div>\n            \n\n<\/section>","protected":false},"excerpt":{"rendered":"","protected":false},"author":1,"featured_media":0,"parent":0,"menu_order":0,"comment_status":"closed","ping_status":"closed","template":"","meta":{"footnotes":""},"class_list":["post-94","page","type-page","status-publish","hentry"],"acf":[],"_links":{"self":[{"href":"https:\/\/greenspongebuildings.eu\/sv\/wp-json\/wp\/v2\/pages\/94","targetHints":{"allow":["GET"]}}],"collection":[{"href":"https:\/\/greenspongebuildings.eu\/sv\/wp-json\/wp\/v2\/pages"}],"about":[{"href":"https:\/\/greenspongebuildings.eu\/sv\/wp-json\/wp\/v2\/types\/page"}],"author":[{"embeddable":true,"href":"https:\/\/greenspongebuildings.eu\/sv\/wp-json\/wp\/v2\/users\/1"}],"replies":[{"embeddable":true,"href":"https:\/\/greenspongebuildings.eu\/sv\/wp-json\/wp\/v2\/comments?post=94"}],"version-history":[{"count":10,"href":"https:\/\/greenspongebuildings.eu\/sv\/wp-json\/wp\/v2\/pages\/94\/revisions"}],"predecessor-version":[{"id":233,"href":"https:\/\/greenspongebuildings.eu\/sv\/wp-json\/wp\/v2\/pages\/94\/revisions\/233"}],"wp:attachment":[{"href":"https:\/\/greenspongebuildings.eu\/sv\/wp-json\/wp\/v2\/media?parent=94"}],"curies":[{"name":"wp","href":"https:\/\/api.w.org\/{rel}","templated":true}]}}