{"id":88,"date":"2023-11-14T17:15:08","date_gmt":"2023-11-14T17:15:08","guid":{"rendered":"https:\/\/greenspongebuildings.hiof.no\/?page_id=88"},"modified":"2025-09-08T19:07:01","modified_gmt":"2025-09-08T19:07:01","slug":"about","status":"publish","type":"page","link":"https:\/\/greenspongebuildings.eu\/sv\/about\/","title":{"rendered":"About"},"content":{"rendered":"\n<section class=\"pn-max-w flex flex-col justify-center relative min-h-[27rem]\">\n    <div class=\"h-full fade-in-element w-full absolute z-20 right-0 left-0 bottom-0 top-0 bg-black bg-opacity-30\"><\/div>\n\n        <img fetchpriority=\"high\" decoding=\"async\" class=\"  w-full object-center min-h-[27rem] max-h-[27rem] object-cover\" src=\"https:\/\/greenspongebuildings.eu\/wp-content\/uploads\/2024\/01\/Banner-Hero_Partners-scaled.jpg\" loading=\"eager\" width=\"2560\" height=\"868\" alt=\"Image\" \/>\n    <div class=\"absolute z-30 right-0 left-0 mx-auto container lg:max-w-4xl xl:px-10\">\n        <h1 class=\"text-center text-white fade-in-element text-4xl lg:text-5xl font-black\">About the project<\/h1>\n    <\/div>\n<\/section>\n\n\n<section class=\"bg-[#C5F1D6]\">\n    <div class=\"container lg:px-5 xl:px-0 lg:max-w-6xl items-start mx-auto grid lg:grid-cols-2 gap-10 lg:gap-20 py-10 lg:py-20\">\n        <div>\n                            <div class=\"\">\n    \n    \n    <span class=\"bg-transparent text-black lg:text-3xl break-words font-bold text-4xl\">Green Sponge Buildings in Scandinavia<\/span>\n<\/div>\n                                        <div class=\"text-lg my-5 font-semibold\">Can &#8220;green walls&#8221; be a solution to address the challenges of increased precipitation in urban environments? The Green Sponge Buildings project will investigate this matter.<\/div>\n                                        <div class=\"\"><p>In Scandinavia, wetter winters and drier summers are expected in the future, but with more intense and heavy rainfall. The changing climate places a burden on our society both economically, socioeconomically, and in terms of health.<br \/><\/br><\/p>\n<p>The Green Sponge Buildings in Scandinavia project aims to contribute to climate adaptation by exploring whether buildings can be a part of the solution in Scandinavian cities. So-called &#8220;green walls,&#8221; exterior walls covered with vegetation, have the potential to store and delay the runoff of rainwater to the ground and stormwater system. This reduces the load on stormwater systems, which, in turn, can reduce health risks.<br \/><\/br><\/p>\n<p>The project conducted a preliminary study co-financed by Interreg \u00d6resund-Kattegat-Skagerrak. There, it was observed that there is untapped potential and a knowledge gap regarding green walls, unlike green roofs, which are well-documented. An advantage of green walls, according to the project, is that they are more suitable for existing buildings, not just new construction.<br \/><\/br><\/p>\n<p>The project will carry out a variety of activities to examine the potential of green walls in cities to mitigate future climate challenges. One of the established goals is to develop a decision-making tool to facilitate for stakeholders considering the establishment of green walls.<\/p>\n<\/div>\n                    <\/div>\n        <div class=\"bg-[#F0FFEE] py-12 px-14\">\n\n                            <div class=\"mb-4\">\n    \n    \n    <span class=\"bg-transparent text-black lg:text-2xl  break-words font-bold text-4xl\">Key facts<\/span>\n<\/div>\n                                        <div class=\"\"><ul>\n<li style=\"list-style-type: none;\">\n<ul>\n<li style=\"font-weight: 400;\" aria-level=\"1\"><b>Countries:<\/b><span style=\"font-weight: 400;\"><span style=\"font-weight: 400;\">\u00a0Sverige, Norge, Danmark<\/span><\/span><\/li>\n<\/ul>\n<\/li>\n<\/ul>\n<p>&nbsp;<\/p>\n<ul>\n<li style=\"list-style-type: none;\">\n<ul>\n<li style=\"font-weight: 400;\" aria-level=\"1\"><b>Regions:<\/b><span style=\"font-weight: 400;\"><span style=\"font-weight: 400;\">\u00a0Sk\u00e5ne (SE), Hovedstaden (DK), Midtjylland (DK), Oslo (NO), Viken (NO)<\/span><\/span><\/li>\n<\/ul>\n<\/li>\n<\/ul>\n<p>&nbsp;<\/p>\n<ul>\n<li style=\"list-style-type: none;\">\n<ul>\n<li style=\"font-weight: 400;\" aria-level=\"1\"><b>Focus area:<\/b><span style=\"font-weight: 400;\">\u00a0Gr\u00f6n omst\u00e4llning<\/span><\/li>\n<\/ul>\n<\/li>\n<\/ul>\n<p>&nbsp;<\/p>\n<ul>\n<li style=\"list-style-type: none;\">\n<ul>\n<li style=\"font-weight: 400;\" aria-level=\"1\"><b>Specific goal: <\/b><span style=\"font-weight: 400;\">Fr\u00e4mja klimatanpassning och riskreducering.<\/span><\/li>\n<\/ul>\n<\/li>\n<\/ul>\n<p>&nbsp;<\/p>\n<ul>\n<li style=\"list-style-type: none;\">\n<ul>\n<li style=\"font-weight: 400;\" aria-level=\"1\"><b>Period:<\/b><span style=\"font-weight: 400;\"> 1 april 2023 &#8211; 30 september 2026<\/span><\/li>\n<\/ul>\n<\/li>\n<\/ul>\n<p>&nbsp;<\/p>\n<ul>\n<li style=\"list-style-type: none;\">\n<ul>\n<li style=\"font-weight: 400;\" aria-level=\"1\"><b>Budget:<\/b><span style=\"font-weight: 400;\">\u00a01\u00a0496\u00a0295 EUR<\/span><\/li>\n<\/ul>\n<\/li>\n<\/ul>\n<p>&nbsp;<\/p>\n<ul>\n<li style=\"list-style-type: none;\">\n<ul>\n<li style=\"font-weight: 400;\" aria-level=\"1\"><b>EU funding grant:<\/b><span style=\"font-weight: 400;\">\u00a0520\u00a0080 EUR<\/span><\/li>\n<\/ul>\n<\/li>\n<\/ul>\n<p>&nbsp;<\/p>\n<ul>\n<li style=\"list-style-type: none;\">\n<ul>\n<li style=\"font-weight: 400;\" aria-level=\"1\"><b>Norwegian funding:<\/b><span style=\"font-weight: 400;\">\u00a0314\u00a0742 EUR<\/span><\/li>\n<\/ul>\n<\/li>\n<\/ul>\n<p>&nbsp;<\/p>\n<ul>\n<li style=\"list-style-type: none;\">\n<ul>\n<li style=\"font-weight: 400;\" aria-level=\"1\"><b>Lead partner:<\/b><span style=\"font-weight: 400;\">\u00a0VIA University College<\/span><\/li>\n<\/ul>\n<\/li>\n<\/ul>\n<p>&nbsp;<\/p>\n<ul>\n<li style=\"font-weight: 400;\" aria-level=\"1\"><b>Contact:<\/b><span style=\"font-weight: 400;\"><br \/>\n<\/span><span style=\"font-weight: 400;\">Andrea Mortensen<\/span><span style=\"font-weight: 400;\"><br \/>\n<\/span><span style=\"font-weight: 400;\">Via University College, Hedeager 2, 8200 Aarhus N<\/span><span style=\"font-weight: 400;\"><br \/>\n<\/span><a href=\"mailto:amot@via.dk\"><span style=\"font-weight: 400;\">amot@via.dk<\/span><span style=\"font-weight: 400;\"><br \/>\n<\/span><\/a><span style=\"font-weight: 400;\">+45 87 55 43 57<\/span><\/li>\n<\/ul>\n<p><b>Partners:<\/b><span style=\"font-weight: 400;\"> H\u00f8gskolen i \u00d8stfold, IVL Svenska Milj\u00f6institutet, Ramb\u00f8ll, <\/span><span style=\"font-weight: 400;\">Sveriges Lantbruksuniversitet, Henning Larsen Architects A\/S, Norges vassdrags- og energidirektoratet.<\/span><\/p>\n<\/div>\n                    <\/div>\n\n    <\/div>\n<\/section>","protected":false},"excerpt":{"rendered":"","protected":false},"author":1,"featured_media":0,"parent":0,"menu_order":0,"comment_status":"closed","ping_status":"closed","template":"","meta":{"footnotes":""},"class_list":["post-88","page","type-page","status-publish","hentry"],"acf":[],"_links":{"self":[{"href":"https:\/\/greenspongebuildings.eu\/sv\/wp-json\/wp\/v2\/pages\/88","targetHints":{"allow":["GET"]}}],"collection":[{"href":"https:\/\/greenspongebuildings.eu\/sv\/wp-json\/wp\/v2\/pages"}],"about":[{"href":"https:\/\/greenspongebuildings.eu\/sv\/wp-json\/wp\/v2\/types\/page"}],"author":[{"embeddable":true,"href":"https:\/\/greenspongebuildings.eu\/sv\/wp-json\/wp\/v2\/users\/1"}],"replies":[{"embeddable":true,"href":"https:\/\/greenspongebuildings.eu\/sv\/wp-json\/wp\/v2\/comments?post=88"}],"version-history":[{"count":34,"href":"https:\/\/greenspongebuildings.eu\/sv\/wp-json\/wp\/v2\/pages\/88\/revisions"}],"predecessor-version":[{"id":358,"href":"https:\/\/greenspongebuildings.eu\/sv\/wp-json\/wp\/v2\/pages\/88\/revisions\/358"}],"wp:attachment":[{"href":"https:\/\/greenspongebuildings.eu\/sv\/wp-json\/wp\/v2\/media?parent=88"}],"curies":[{"name":"wp","href":"https:\/\/api.w.org\/{rel}","templated":true}]}}