{"id":2,"date":"2023-10-25T07:27:27","date_gmt":"2023-10-25T07:27:27","guid":{"rendered":"https:\/\/greenspongebuildings.hiof.no\/?page_id=2"},"modified":"2025-02-09T09:19:51","modified_gmt":"2025-02-09T09:19:51","slug":"sample-page","status":"publish","type":"page","link":"https:\/\/greenspongebuildings.eu\/sv\/","title":{"rendered":"Start"},"content":{"rendered":"\n<section class=\"pn-max-w flex flex-col justify-center relative min-h-[27rem]\">\n    <div class=\"h-full fade-in-element w-full absolute z-20 right-0 left-0 bottom-0 top-0 bg-black bg-opacity-30\"><\/div>\n\n        <img fetchpriority=\"high\" decoding=\"async\" class=\"  w-full object-center min-h-[27rem] max-h-[27rem] object-cover\" src=\"https:\/\/greenspongebuildings.eu\/wp-content\/uploads\/2024\/01\/Vaxtvagg-scaled.jpg\" loading=\"eager\" width=\"2560\" height=\"1920\" alt=\"Image\" \/>\n    <div class=\"absolute z-30 right-0 left-0 mx-auto container lg:max-w-4xl xl:px-10\">\n        <h1 class=\"text-center text-white fade-in-element text-4xl lg:text-5xl font-black\">Green Sponge Buildings in Scandinavia<\/h1>\n    <\/div>\n<\/section>\n\n\n<section class=\"bg-[#F0FFEE]\">\n    <div class=\"container lg:px-5 xl:px-0 lg:max-w-4xl mx-auto grid lg:grid-cols-2 items-center gap-10 lg:gap-10 py-10 lg:py-20\">\n        <div>\n                                <img decoding=\"async\" class=\" fade-in-element mx-auto object-cover max-h-[25rem] rounded-full h-[20rem] w-[20rem] lg:max-h-[20rem]\" src=\"https:\/\/greenspongebuildings.eu\/wp-content\/uploads\/2024\/01\/closeup-person-s-fingers-holding-small-green-leaf-against-sky-background-768x1152.jpg\" loading=\"lazy\" width=\"768\" height=\"1152\" alt=\"Image\" \/>            \n        <\/div>\n        <div class=\"fade-in-element\">\n\n                            <div class=\"mb-4\">\n    \n    \n    <span class=\"bg-transparent text-[#005397] text-4xl break-words font-bold text-4xl\">What we do<\/span>\n<\/div>\n            \n                            <div class=\"text-xl font-semibold\"><p>Can green walls be a solution to tackle the challenges of increased rainfall in urban environments? Green Sponge Buildings will investigate the matter.<\/p>\n<\/div>\n            \n                            <div class=\"mt-10\">\n                    \n<a target=\"_self\" href=\"https:\/\/greenspongebuildings.hiof.no\/about\/\" class=\"text-white bg-[#005397] btn whitespace-nowrap text-xs lg:text-base\">Read more<\/a>                <\/div>\n            \n        <\/div>\n\n    <\/div>\n<\/section>\n\n\n\n<section>\n    <div class=\"container lg:max-w-5xl mx-auto py-10 lg:py-20\">\n        <div class=\"flex justify-between items-center mb-10\">\n                            <div>\n                    \n    \n    \n    <span class=\"lg:text-3xl text-[#00695C] break-words font-bold text-4xl\">Our latest news<\/span>\n                <\/div>\n                                        <div>\n                    \n<a target=\"_self\" href=\"https:\/\/greenspongebuildings.hiof.no\/news\/\" class=\"text-white bg-[#00695C] btn whitespace-nowrap text-xs lg:text-base\">All news<\/a>                <\/div>\n                    <\/div>\n        <div class=\"lg:flex gap-12\">\n            <div class=\"lg:space-y-0 space-y-8 grid lg:grid-cols-3 gap-8\">\n                                    <div class=\"news-item flex flex-col min-h-[26rem] justify-between\">\n                        <div>\n                                                            <div class=\"mb-5\">\n                                    <a href=\"https:\/\/greenspongebuildings.eu\/sv\/levande-fasaders-roll-i-den-klimatanpassade-staden\/\">\n                                            <img decoding=\"async\" class=\" fade-in-element min-h-[20rem] max-h-[20rem] object-cover\" src=\"https:\/\/greenspongebuildings.eu\/wp-content\/uploads\/2026\/03\/image-2.png\" loading=\"lazy\" width=\"788\" height=\"491\" alt=\"Image\" \/>                                    <\/a>\n                                <\/div>\n                                                                                        <a href=\"https:\/\/greenspongebuildings.eu\/sv\/levande-fasaders-roll-i-den-klimatanpassade-staden\/\">\n                                    <div class=\"mb-2\"><span class=\"font-medium text-xl\">Levande fasaders roll i den klimatanpassade staden<\/span><\/div>\n                                <\/a>\n                                                        <time datetime=\"1774351422\" itemprop=\"datePublished\" class=\"text-xl text-gray-700\">24\/03\/2026<\/time>\n\n                        <\/div>\n                    <\/div>\n                                    <div class=\"news-item flex flex-col min-h-[26rem] justify-between\">\n                        <div>\n                                                            <div class=\"mb-5\">\n                                    <a href=\"https:\/\/greenspongebuildings.eu\/sv\/kan-gronne-vaegge-bidrage-til-bedre-isolering-af-ydervaeggen\/\">\n                                            <img decoding=\"async\" class=\" fade-in-element min-h-[20rem] max-h-[20rem] object-cover\" src=\"https:\/\/greenspongebuildings.eu\/wp-content\/uploads\/2026\/01\/Opbygning-_-Anders-og-Knud-endret3-1024x570.jpg\" loading=\"lazy\" width=\"1024\" height=\"570\" alt=\"Image\" \/>                                    <\/a>\n                                <\/div>\n                                                                                        <a href=\"https:\/\/greenspongebuildings.eu\/sv\/kan-gronne-vaegge-bidrage-til-bedre-isolering-af-ydervaeggen\/\">\n                                    <div class=\"mb-2\"><span class=\"font-medium text-xl\">Kan gr\u00f8nne v\u00e6gge bidrage til bedre isolering af yderv\u00e6ggen?<\/span><\/div>\n                                <\/a>\n                                                        <time datetime=\"1769718560\" itemprop=\"datePublished\" class=\"text-xl text-gray-700\">29\/01\/2026<\/time>\n\n                        <\/div>\n                    <\/div>\n                                    <div class=\"news-item hidden lg:flex flex-col min-h-[26rem] justify-between\">\n                        <div>\n                                                            <div class=\"mb-5\">\n                                    <a href=\"https:\/\/greenspongebuildings.eu\/sv\/green-sponge-buildings-pa-klimafolkemodet-2025\/\">\n                                            <img decoding=\"async\" class=\" fade-in-element min-h-[20rem] max-h-[20rem] object-cover\" src=\"https:\/\/greenspongebuildings.eu\/wp-content\/uploads\/2025\/09\/Klimafolkemodet-21-793x1024.jpg\" loading=\"lazy\" width=\"793\" height=\"1024\" alt=\"Image\" \/>                                    <\/a>\n                                <\/div>\n                                                                                        <a href=\"https:\/\/greenspongebuildings.eu\/sv\/green-sponge-buildings-pa-klimafolkemodet-2025\/\">\n                                    <div class=\"mb-2\"><span class=\"font-medium text-xl\">Green Sponge Buildings p\u00e5 Klimafolkem\u00f8det 2025<\/span><\/div>\n                                <\/a>\n                                                        <time datetime=\"1757358189\" itemprop=\"datePublished\" class=\"text-xl text-gray-700\">08\/09\/2025<\/time>\n\n                        <\/div>\n                    <\/div>\n                            <\/div>\n        <\/div>\n    <\/div>\n<\/section>\n\n<section class=\"bg-[#F0FFEE]\">\n    <div class=\"container mx-auto py-10 lg:py-12\">\n\n                    <div class=\"mb-14 text-center\">\n    \n    \n    <span class=\"bg-transparent text-[#005397] text-4xl break-words font-bold text-4xl\">Partners<\/span>\n<\/div>\n        \n                    <div class=\"flex flex-wrap justify-center items-center gap-10\">\n                                                            <div class=\"flex-[0_0_auto] p-[10px]\">\n                                <img decoding=\"async\" class=\" fade-in-element max-h-[6rem] max-w-[15rem] object-contain\" src=\"https:\/\/greenspongebuildings.eu\/wp-content\/uploads\/2023\/11\/VIA-LOGO-300x97.webp\" loading=\"lazy\" width=\"300\" height=\"97\" alt=\"Image\" \/>                        <\/div>\n                                                                                <div class=\"flex-[0_0_auto] p-[10px]\">\n                                <img decoding=\"async\" class=\" fade-in-element max-h-[6rem] max-w-[15rem] object-contain\" src=\"https:\/\/greenspongebuildings.eu\/wp-content\/uploads\/2023\/11\/Hogskolan-i-Ostfold_emblem_liggande-300x51.png\" loading=\"lazy\" width=\"300\" height=\"51\" alt=\"Image\" \/>                        <\/div>\n                                                                                <div class=\"flex-[0_0_auto] p-[10px]\">\n                                <img decoding=\"async\" class=\" fade-in-element max-h-[6rem] max-w-[15rem] object-contain\" src=\"https:\/\/greenspongebuildings.eu\/wp-content\/uploads\/2023\/11\/ivl-removebg-preview.png\" loading=\"lazy\" width=\"264\" height=\"196\" alt=\"Image\" \/>                        <\/div>\n                                                                                <div class=\"flex-[0_0_auto] p-[10px]\">\n                                <img decoding=\"async\" class=\" fade-in-element max-h-[6rem] max-w-[15rem] object-contain\" src=\"https:\/\/greenspongebuildings.eu\/wp-content\/uploads\/2023\/11\/Henning-Larsen-300x96.png\" loading=\"lazy\" width=\"300\" height=\"96\" alt=\"Image\" \/>                        <\/div>\n                                                                                <div class=\"flex-[0_0_auto] p-[10px]\">\n                                <img decoding=\"async\" class=\" fade-in-element max-h-[6rem] max-w-[15rem] object-contain\" src=\"https:\/\/greenspongebuildings.eu\/wp-content\/uploads\/2025\/02\/images-1-300x63.png\" loading=\"lazy\" width=\"300\" height=\"63\" alt=\"Image\" \/>                        <\/div>\n                                                                                <div class=\"flex-[0_0_auto] p-[10px]\">\n                                <img decoding=\"async\" class=\" fade-in-element max-h-[6rem] max-w-[15rem] object-contain\" src=\"https:\/\/greenspongebuildings.eu\/wp-content\/uploads\/2023\/11\/norges-vassdrags-og-energidirektoratet-300x300.png\" loading=\"lazy\" width=\"300\" height=\"300\" alt=\"Image\" \/>                        <\/div>\n                                                                                                                    <div class=\"flex-[0_0_auto] p-[10px]\">\n                                <img decoding=\"async\" class=\" fade-in-element max-h-[6rem] max-w-[15rem] object-contain\" src=\"https:\/\/greenspongebuildings.eu\/wp-content\/uploads\/2024\/01\/600px-Sveriges_Lantbruksuniversitet_Logo.svg_-300x300.png\" loading=\"lazy\" width=\"300\" height=\"300\" alt=\"Image\" \/>                        <\/div>\n                                                <\/div>\n        \n                    <div class=\"mt-14 justify-center flex\">\n                \n<a target=\"_self\" href=\"https:\/\/greenspongebuildings.hiof.no\/partners\" class=\"text-white bg-[#005397] btn whitespace-nowrap text-xs lg:text-base\">Read more<\/a>            <\/div>\n            <\/div>\n<\/section>","protected":false},"excerpt":{"rendered":"","protected":false},"author":1,"featured_media":0,"parent":0,"menu_order":0,"comment_status":"closed","ping_status":"open","template":"","meta":{"footnotes":""},"class_list":["post-2","page","type-page","status-publish","hentry"],"acf":[],"_links":{"self":[{"href":"https:\/\/greenspongebuildings.eu\/sv\/wp-json\/wp\/v2\/pages\/2","targetHints":{"allow":["GET"]}}],"collection":[{"href":"https:\/\/greenspongebuildings.eu\/sv\/wp-json\/wp\/v2\/pages"}],"about":[{"href":"https:\/\/greenspongebuildings.eu\/sv\/wp-json\/wp\/v2\/types\/page"}],"author":[{"embeddable":true,"href":"https:\/\/greenspongebuildings.eu\/sv\/wp-json\/wp\/v2\/users\/1"}],"replies":[{"embeddable":true,"href":"https:\/\/greenspongebuildings.eu\/sv\/wp-json\/wp\/v2\/comments?post=2"}],"version-history":[{"count":37,"href":"https:\/\/greenspongebuildings.eu\/sv\/wp-json\/wp\/v2\/pages\/2\/revisions"}],"predecessor-version":[{"id":331,"href":"https:\/\/greenspongebuildings.eu\/sv\/wp-json\/wp\/v2\/pages\/2\/revisions\/331"}],"wp:attachment":[{"href":"https:\/\/greenspongebuildings.eu\/sv\/wp-json\/wp\/v2\/media?parent=2"}],"curies":[{"name":"wp","href":"https:\/\/api.w.org\/{rel}","templated":true}]}}