{"id":149,"date":"2023-12-06T10:17:44","date_gmt":"2023-12-06T10:17:44","guid":{"rendered":"https:\/\/greenspongebuildings.hiof.no\/?page_id=149"},"modified":"2024-05-15T13:14:01","modified_gmt":"2024-05-15T13:14:01","slug":"contact","status":"publish","type":"page","link":"https:\/\/greenspongebuildings.eu\/sv\/contact\/","title":{"rendered":"Contact"},"content":{"rendered":"\n<section class=\"pn-max-w flex flex-col justify-center relative min-h-[27rem]\">\n    <div class=\"h-full fade-in-element w-full absolute z-20 right-0 left-0 bottom-0 top-0 bg-black bg-opacity-30\"><\/div>\n\n        <img fetchpriority=\"high\" decoding=\"async\" class=\"  w-full object-center min-h-[27rem] max-h-[27rem] object-cover\" src=\"https:\/\/greenspongebuildings.eu\/wp-content\/uploads\/2024\/01\/IMG_6933-scaled.jpg\" loading=\"eager\" width=\"2560\" height=\"1920\" alt=\"Image\" \/>\n    <div class=\"absolute z-30 right-0 left-0 mx-auto container lg:max-w-4xl xl:px-10\">\n        <h1 class=\"text-center text-white fade-in-element text-4xl lg:text-5xl font-black\">Contact<\/h1>\n    <\/div>\n<\/section>\n\n\n<section class=\"bg-[#C5F1D6]\">\n    <div class=\"container lg:px-5 xl:px-0 lg:max-w-6xl items-start mx-auto grid lg:grid-cols-2 gap-10 lg:gap-20 py-10 lg:py-20\">\n        <div>\n                            <div class=\"\">\n    \n    \n    <span class=\"bg-transparent text-black lg:text-3xl break-words font-bold text-4xl\">Contact<\/span>\n<\/div>\n                                        <div class=\"text-lg my-5 font-semibold\">VIA University College<\/div>\n                                        <div class=\"\"><p>Baneg\u00e5rdsgade 2<br \/>\n8700 Horsens<br \/>\nDenmark<br \/>\n&nbsp;<br \/>\ncontact@greenspongebuildings.hiof.no<\/p>\n<\/div>\n                    <\/div>\n        <div class=\"bg-[#F0FFEE] py-12 px-14\">\n\n                                        <div class=\"\"><div><strong>Andrea Mortensen\u00a0<img decoding=\"async\" class=\"emoji\" role=\"img\" draggable=\"false\" src=\"https:\/\/s.w.org\/images\/core\/emoji\/15.0.3\/svg\/1f1e9-1f1f0.svg\" alt=\"\ud83c\udde9\ud83c\uddf0\" \/><\/strong><\/div>\n<div><i>Forskningscenter for byggeri, klima og vandteknologi, VIA University College<\/i><\/div>\n<div>AMOT@via.dk<\/div>\n<p>&nbsp;<\/p>\n<div><strong>Geir Torgersen\u00a0<img decoding=\"async\" class=\"emoji\" role=\"img\" draggable=\"false\" src=\"https:\/\/s.w.org\/images\/core\/emoji\/15.0.3\/svg\/1f1f3-1f1f4.svg\" alt=\"\ud83c\uddf3\ud83c\uddf4\" \/><\/strong><\/div>\n<div><em>Institutt for ingeni\u00f8rfag, H\u00f8gskolen i \u00d8stfold<\/em><\/div>\n<div>geir.torgersen@hiof.no<\/div>\n<p>&nbsp;<\/p>\n<div><strong>Tanja Hasselmark Mason\u00a0<img decoding=\"async\" class=\"emoji\" role=\"img\" draggable=\"false\" src=\"https:\/\/s.w.org\/images\/core\/emoji\/15.0.3\/svg\/1f1f8-1f1ea.svg\" alt=\"\ud83c\uddf8\ud83c\uddea\" \/>\u00a0<\/strong><\/div>\n<div><em>IVL Svenska Milj\u00f6institutet<\/em><\/div>\n<div>Tanja.Hasselmark.Mason@ivl.se<\/div>\n<\/div>\n                    <\/div>\n\n    <\/div>\n<\/section>","protected":false},"excerpt":{"rendered":"","protected":false},"author":1,"featured_media":0,"parent":0,"menu_order":0,"comment_status":"closed","ping_status":"closed","template":"","meta":{"footnotes":""},"class_list":["post-149","page","type-page","status-publish","hentry"],"acf":[],"_links":{"self":[{"href":"https:\/\/greenspongebuildings.eu\/sv\/wp-json\/wp\/v2\/pages\/149","targetHints":{"allow":["GET"]}}],"collection":[{"href":"https:\/\/greenspongebuildings.eu\/sv\/wp-json\/wp\/v2\/pages"}],"about":[{"href":"https:\/\/greenspongebuildings.eu\/sv\/wp-json\/wp\/v2\/types\/page"}],"author":[{"embeddable":true,"href":"https:\/\/greenspongebuildings.eu\/sv\/wp-json\/wp\/v2\/users\/1"}],"replies":[{"embeddable":true,"href":"https:\/\/greenspongebuildings.eu\/sv\/wp-json\/wp\/v2\/comments?post=149"}],"version-history":[{"count":13,"href":"https:\/\/greenspongebuildings.eu\/sv\/wp-json\/wp\/v2\/pages\/149\/revisions"}],"predecessor-version":[{"id":275,"href":"https:\/\/greenspongebuildings.eu\/sv\/wp-json\/wp\/v2\/pages\/149\/revisions\/275"}],"wp:attachment":[{"href":"https:\/\/greenspongebuildings.eu\/sv\/wp-json\/wp\/v2\/media?parent=149"}],"curies":[{"name":"wp","href":"https:\/\/api.w.org\/{rel}","templated":true}]}}